{"id":9,"date":"2014-06-22T02:00:23","date_gmt":"2014-06-22T02:00:23","guid":{"rendered":"http:\/\/dreambox3d.com\/DONFRANCISCO\/?page_id=9"},"modified":"2014-06-22T02:00:23","modified_gmt":"2014-06-22T02:00:23","slug":"socios-estrategicos","status":"publish","type":"page","link":"https:\/\/constructoradonfrancisco.com\/?page_id=9","title":{"rendered":"Socios Estrat\u00e9gicos"},"content":{"rendered":"<p><img loading=\"lazy\" decoding=\"async\" class=\"alignleft size-full wp-image-73\" src=\"http:\/\/constructoradonfrancisco.com\/wp-content\/uploads\/2014\/06\/Martina.png\" alt=\"Martina\" width=\"310\" height=\"99\" srcset=\"https:\/\/constructoradonfrancisco.com\/wp-content\/uploads\/2014\/06\/Martina.png 310w, https:\/\/constructoradonfrancisco.com\/wp-content\/uploads\/2014\/06\/Martina-300x96.png 300w\" sizes=\"(max-width: 310px) 100vw, 310px\" \/><\/p>\n<p>&nbsp;<\/p>\n<p>&nbsp;<\/p>\n<p>&nbsp;<\/p>\n<p>&nbsp;<\/p>\n<p>Es \u00a0nuestro principal socio estrat\u00e9gico para la comercializaci\u00f3n de proyectos habitacionales as\u00ed como para la identificaci\u00f3n de oportunidades y mobiliarias.<\/p>\n<p>&nbsp;<\/p>\n<p><img loading=\"lazy\" decoding=\"async\" class=\"alignleft size-full wp-image-72\" src=\"http:\/\/constructoradonfrancisco.com\/wp-content\/uploads\/2014\/06\/Llacza.png\" alt=\"Llacza\" width=\"243\" height=\"124\" \/><\/p>\n<p>&nbsp;<\/p>\n<p>&nbsp;<\/p>\n<p>&nbsp;<\/p>\n<p>&nbsp;<\/p>\n<p>&nbsp;<\/p>\n<p>Su experiencia en el desarrollo inmobiliario as\u00ed como su staff especializado \u00a0en el derecho registral asegura\u00a0la<br \/>\npuesta en valor de los terrenos y edificaciones comercializadas.<\/p>\n","protected":false},"excerpt":{"rendered":"<p>&nbsp; &nbsp; &nbsp; &nbsp; Es \u00a0nuestro principal socio estrat\u00e9gico para la comercializaci\u00f3n de proyectos habitacionales as\u00ed como para la identificaci\u00f3n de oportunidades y mobiliarias. &nbsp; &nbsp; &nbsp; &nbsp; &nbsp; &nbsp; Su experiencia en el desarrollo inmobiliario as\u00ed como su staff &hellip; <a href=\"https:\/\/constructoradonfrancisco.com\/?page_id=9\">Continued<\/a><\/p>\n","protected":false},"author":1,"featured_media":0,"parent":0,"menu_order":0,"comment_status":"open","ping_status":"open","template":"","meta":{"footnotes":""},"class_list":["post-9","page","type-page","status-publish","hentry"],"_links":{"self":[{"href":"https:\/\/constructoradonfrancisco.com\/index.php?rest_route=\/wp\/v2\/pages\/9"}],"collection":[{"href":"https:\/\/constructoradonfrancisco.com\/index.php?rest_route=\/wp\/v2\/pages"}],"about":[{"href":"https:\/\/constructoradonfrancisco.com\/index.php?rest_route=\/wp\/v2\/types\/page"}],"author":[{"embeddable":true,"href":"https:\/\/constructoradonfrancisco.com\/index.php?rest_route=\/wp\/v2\/users\/1"}],"replies":[{"embeddable":true,"href":"https:\/\/constructoradonfrancisco.com\/index.php?rest_route=%2Fwp%2Fv2%2Fcomments&post=9"}],"version-history":[{"count":0,"href":"https:\/\/constructoradonfrancisco.com\/index.php?rest_route=\/wp\/v2\/pages\/9\/revisions"}],"wp:attachment":[{"href":"https:\/\/constructoradonfrancisco.com\/index.php?rest_route=%2Fwp%2Fv2%2Fmedia&parent=9"}],"curies":[{"name":"wp","href":"https:\/\/api.w.org\/{rel}","templated":true}]}}